{"id":121,"date":"2025-07-14T17:40:30","date_gmt":"2025-07-14T15:40:30","guid":{"rendered":"https:\/\/carnetdevoyages83.com\/?page_id=121"},"modified":"2025-07-22T16:03:02","modified_gmt":"2025-07-22T14:03:02","slug":"service-livraison","status":"publish","type":"page","link":"https:\/\/carnetdevoyages83.com\/?page_id=121","title":{"rendered":"SERVICE LIVRAISON"},"content":{"rendered":"","protected":false},"excerpt":{"rendered":"","protected":false},"author":255482783,"featured_media":0,"parent":0,"menu_order":0,"comment_status":"closed","ping_status":"closed","template":"elementor_header_footer","meta":{"_crdt_document":"","advanced_seo_description":"","jetpack_seo_html_title":"","jetpack_seo_noindex":false,"jetpack_post_was_ever_published":false,"footnotes":""},"class_list":["post-121","page","type-page","status-publish","hentry"],"jetpack_likes_enabled":true,"jetpack_sharing_enabled":true,"jetpack_shortlink":"https:\/\/wp.me\/PgFLgZ-1X","jetpack-related-posts":[{"id":123,"url":"https:\/\/carnetdevoyages83.com\/?page_id=123","url_meta":{"origin":121,"position":0},"title":"SERVICE POINT RELAIS","author":"DAVID PELLEGRINO","date":"14 juillet 2025","format":false,"excerpt":"POINT RELAIS Carnet de Voyages vous propose le service point relais avec Relais Pickup. Vous pouvez envoyer et r\u00e9ceptionner vos colis en s\u00e9lectionnant le point relais \"Carnet de Voyages\" Attention, tout colis \u00e9tant r\u00e9ceptionn\u00e9 HORS RELAIS ne sera pas accept\u00e9 par Carnet de Voyages et renvoy\u00e9 \u00e0 son exp\u00e9diteur par\u2026","rel":"","context":"Article similaire","block_context":{"text":"Article similaire","link":""},"img":{"alt_text":"","src":"","width":0,"height":0},"classes":[]},{"id":151,"url":"https:\/\/carnetdevoyages83.com\/?page_id=151","url_meta":{"origin":121,"position":1},"title":"FAQ","author":"Est\u00e9ban Laumonier","date":"16 juillet 2025","format":false,"excerpt":"FAQ Besoin d'aide ? Quel moyen de paiement proposez-vous ? Chez Carnet de Voyages, nous vous proposons les moyens de paiement suivant :Esp\u00e8ceCh\u00e8queCB Visa\/MastercardAmerican Express (AMEX)Virement bancaire Proposez-vous un paiement en plusieurs fois ? Dans certaines situation, Carnet de Voyages peut exceptionnellement vous proposer un paiement en plusieurs fois. Attention,\u2026","rel":"","context":"Article similaire","block_context":{"text":"Article similaire","link":""},"img":{"alt_text":"","src":"","width":0,"height":0},"classes":[]},{"id":125,"url":"https:\/\/carnetdevoyages83.com\/?page_id=125","url_meta":{"origin":121,"position":2},"title":"SERVICE LOCATION","author":"DAVID PELLEGRINO","date":"14 juillet 2025","format":false,"excerpt":"Ajoutez une touche de convivialit\u00e9 \u00e0 vos \u00e9v\u00e9nements avec nos braseros OFYR !Id\u00e9als pour vos soir\u00e9es en plein air, mariages, anniversaires ou \u00e9v\u00e9nements d\u2019entreprise, nos braseros OFYR allient design \u00e9l\u00e9gant et cuisson au feu de bois. Cr\u00e9ez une ambiance chaleureuse et originale tout en r\u00e9galant vos invit\u00e9s autour d\u2019un moment\u2026","rel":"","context":"Article similaire","block_context":{"text":"Article similaire","link":""},"img":{"alt_text":"","src":"https:\/\/i0.wp.com\/carnetdevoyages83.com\/wp-content\/uploads\/2025\/07\/flyer-ENO.png?resize=350%2C200&ssl=1","width":350,"height":200,"srcset":"https:\/\/i0.wp.com\/carnetdevoyages83.com\/wp-content\/uploads\/2025\/07\/flyer-ENO.png?resize=350%2C200&ssl=1 1x, https:\/\/i0.wp.com\/carnetdevoyages83.com\/wp-content\/uploads\/2025\/07\/flyer-ENO.png?resize=525%2C300&ssl=1 1.5x, https:\/\/i0.wp.com\/carnetdevoyages83.com\/wp-content\/uploads\/2025\/07\/flyer-ENO.png?resize=700%2C400&ssl=1 2x, https:\/\/i0.wp.com\/carnetdevoyages83.com\/wp-content\/uploads\/2025\/07\/flyer-ENO.png?resize=1050%2C600&ssl=1 3x, https:\/\/i0.wp.com\/carnetdevoyages83.com\/wp-content\/uploads\/2025\/07\/flyer-ENO.png?resize=1400%2C800&ssl=1 4x"},"classes":[]},{"id":31,"url":"https:\/\/carnetdevoyages83.com\/","url_meta":{"origin":121,"position":3},"title":"ACCUEIL","author":"Est\u00e9ban Laumonier","date":"12 juillet 2025","format":false,"excerpt":"SOLDES D'HIVER Chez carnet de voyages VOIR Nos derniers coups de coeur D\u00e9couvrez des pi\u00e8ces d'exception choisie sp\u00e9cialement par l'\u00e9quipe pour sublimer votre int\u00e9rieur. JEU MORPION PRIX \u20ac Reality Features Sample Subtitle Reality Features Sample Subtitle Reality Features Sample Subtitle JEU MORPION PRIX \u20ac Reality Features Sample Subtitle Reality Features\u2026","rel":"","context":"Article similaire","block_context":{"text":"Article similaire","link":""},"img":{"alt_text":"","src":"https:\/\/i0.wp.com\/carnetdevoyages83.com\/wp-content\/uploads\/2025\/08\/foutas.png?resize=350%2C200&ssl=1","width":350,"height":200,"srcset":"https:\/\/i0.wp.com\/carnetdevoyages83.com\/wp-content\/uploads\/2025\/08\/foutas.png?resize=350%2C200&ssl=1 1x, https:\/\/i0.wp.com\/carnetdevoyages83.com\/wp-content\/uploads\/2025\/08\/foutas.png?resize=525%2C300&ssl=1 1.5x, https:\/\/i0.wp.com\/carnetdevoyages83.com\/wp-content\/uploads\/2025\/08\/foutas.png?resize=700%2C400&ssl=1 2x, https:\/\/i0.wp.com\/carnetdevoyages83.com\/wp-content\/uploads\/2025\/08\/foutas.png?resize=1050%2C600&ssl=1 3x"},"classes":[]},{"id":987694,"url":"https:\/\/carnetdevoyages83.com\/?page_id=987694","url_meta":{"origin":121,"position":4},"title":"TEST","author":"Est\u00e9ban Laumonier","date":"1 ao\u00fbt 2025","format":false,"excerpt":"Feel-Good Interiors: Stay a WhileImmerse yourself in a world of comfort and charm with our cozy and feel-good designs. From inviting furniture to warm decorShop nowCosy and feel-gooddesigns to fall forImmerse yourself in a world of comfort and charm with our cozy and feel-good designs. From inviting furniture to warm\u2026","rel":"","context":"Article similaire","block_context":{"text":"Article similaire","link":""},"img":{"alt_text":"","src":"https:\/\/i0.wp.com\/carnetdevoyages83.com\/wp-content\/uploads\/2025\/08\/stylish-living-room-interior-2021-08-26-15-43-35-utc.jpg?resize=350%2C200&ssl=1","width":350,"height":200,"srcset":"https:\/\/i0.wp.com\/carnetdevoyages83.com\/wp-content\/uploads\/2025\/08\/stylish-living-room-interior-2021-08-26-15-43-35-utc.jpg?resize=350%2C200&ssl=1 1x, https:\/\/i0.wp.com\/carnetdevoyages83.com\/wp-content\/uploads\/2025\/08\/stylish-living-room-interior-2021-08-26-15-43-35-utc.jpg?resize=525%2C300&ssl=1 1.5x, https:\/\/i0.wp.com\/carnetdevoyages83.com\/wp-content\/uploads\/2025\/08\/stylish-living-room-interior-2021-08-26-15-43-35-utc.jpg?resize=700%2C400&ssl=1 2x, https:\/\/i0.wp.com\/carnetdevoyages83.com\/wp-content\/uploads\/2025\/08\/stylish-living-room-interior-2021-08-26-15-43-35-utc.jpg?resize=1050%2C600&ssl=1 3x, https:\/\/i0.wp.com\/carnetdevoyages83.com\/wp-content\/uploads\/2025\/08\/stylish-living-room-interior-2021-08-26-15-43-35-utc.jpg?resize=1400%2C800&ssl=1 4x"},"classes":[]}],"_links":{"self":[{"href":"https:\/\/carnetdevoyages83.com\/index.php?rest_route=\/wp\/v2\/pages\/121","targetHints":{"allow":["GET"]}}],"collection":[{"href":"https:\/\/carnetdevoyages83.com\/index.php?rest_route=\/wp\/v2\/pages"}],"about":[{"href":"https:\/\/carnetdevoyages83.com\/index.php?rest_route=\/wp\/v2\/types\/page"}],"author":[{"embeddable":true,"href":"https:\/\/carnetdevoyages83.com\/index.php?rest_route=\/wp\/v2\/users\/255482783"}],"replies":[{"embeddable":true,"href":"https:\/\/carnetdevoyages83.com\/index.php?rest_route=%2Fwp%2Fv2%2Fcomments&post=121"}],"version-history":[{"count":5,"href":"https:\/\/carnetdevoyages83.com\/index.php?rest_route=\/wp\/v2\/pages\/121\/revisions"}],"predecessor-version":[{"id":539,"href":"https:\/\/carnetdevoyages83.com\/index.php?rest_route=\/wp\/v2\/pages\/121\/revisions\/539"}],"wp:attachment":[{"href":"https:\/\/carnetdevoyages83.com\/index.php?rest_route=%2Fwp%2Fv2%2Fmedia&parent=121"}],"curies":[{"name":"wp","href":"https:\/\/api.w.org\/{rel}","templated":true}]}}