{"id":125,"date":"2025-07-14T17:41:51","date_gmt":"2025-07-14T15:41:51","guid":{"rendered":"https:\/\/carnetdevoyages83.com\/?page_id=125"},"modified":"2025-07-22T12:43:12","modified_gmt":"2025-07-22T10:43:12","slug":"service-location","status":"publish","type":"page","link":"https:\/\/carnetdevoyages83.com\/?page_id=125","title":{"rendered":"SERVICE LOCATION"},"content":{"rendered":"\t\t<div data-elementor-type=\"wp-page\" data-elementor-id=\"125\" class=\"elementor elementor-125\" data-elementor-post-type=\"page\">\n\t\t\t\t<div class=\"elementor-element elementor-element-5adebfcc e-flex e-con-boxed e-con e-parent\" data-id=\"5adebfcc\" data-element_type=\"container\" data-e-type=\"container\" data-settings=\"{&quot;background_background&quot;:&quot;classic&quot;}\">\n\t\t\t\t\t<div class=\"e-con-inner\">\n\t\t<div class=\"elementor-element elementor-element-4289e953 e-grid e-con-boxed e-con e-child\" data-id=\"4289e953\" data-element_type=\"container\" data-e-type=\"container\">\n\t\t\t\t\t<div class=\"e-con-inner\">\n\t\t<div class=\"elementor-element elementor-element-520d875 e-con-full e-flex e-con e-child\" data-id=\"520d875\" data-element_type=\"container\" data-e-type=\"container\">\n\t\t\t\t<div class=\"elementor-element elementor-element-1c3a2a64 animated-fast elementor-widget-tablet__width-initial elementor-invisible elementor-widget elementor-widget-image\" data-id=\"1c3a2a64\" data-element_type=\"widget\" data-e-type=\"widget\" data-settings=\"{&quot;_animation&quot;:&quot;fadeIn&quot;,&quot;_animation_delay&quot;:750}\" data-widget_type=\"image.default\">\n\t\t\t\t\t\t\t\t\t\t\t\t\t\t\t<img fetchpriority=\"high\" decoding=\"async\" data-attachment-id=\"514\" data-permalink=\"https:\/\/carnetdevoyages83.com\/?attachment_id=514\" data-orig-file=\"https:\/\/i0.wp.com\/carnetdevoyages83.com\/wp-content\/uploads\/2025\/07\/flyer-ENO.png?fit=1486%2C2641&amp;ssl=1\" data-orig-size=\"1486,2641\" data-comments-opened=\"1\" data-image-meta=\"{&quot;aperture&quot;:&quot;0&quot;,&quot;credit&quot;:&quot;&quot;,&quot;camera&quot;:&quot;&quot;,&quot;caption&quot;:&quot;&quot;,&quot;created_timestamp&quot;:&quot;0&quot;,&quot;copyright&quot;:&quot;&quot;,&quot;focal_length&quot;:&quot;0&quot;,&quot;iso&quot;:&quot;0&quot;,&quot;shutter_speed&quot;:&quot;0&quot;,&quot;title&quot;:&quot;&quot;,&quot;orientation&quot;:&quot;0&quot;}\" data-image-title=\"flyer OFYR\" data-image-description=\"\" data-image-caption=\"\" data-medium-file=\"https:\/\/i0.wp.com\/carnetdevoyages83.com\/wp-content\/uploads\/2025\/07\/flyer-ENO.png?fit=169%2C300&amp;ssl=1\" data-large-file=\"https:\/\/i0.wp.com\/carnetdevoyages83.com\/wp-content\/uploads\/2025\/07\/flyer-ENO.png?fit=576%2C1024&amp;ssl=1\" width=\"1486\" height=\"2641\" src=\"https:\/\/i0.wp.com\/carnetdevoyages83.com\/wp-content\/uploads\/2025\/07\/flyer-ENO.png?fit=1486%2C2641&amp;ssl=1\" class=\"attachment-full size-full wp-image-514\" alt=\"\" srcset=\"https:\/\/i0.wp.com\/carnetdevoyages83.com\/wp-content\/uploads\/2025\/07\/flyer-ENO.png?w=1486&amp;ssl=1 1486w, https:\/\/i0.wp.com\/carnetdevoyages83.com\/wp-content\/uploads\/2025\/07\/flyer-ENO.png?resize=169%2C300&amp;ssl=1 169w, https:\/\/i0.wp.com\/carnetdevoyages83.com\/wp-content\/uploads\/2025\/07\/flyer-ENO.png?resize=576%2C1024&amp;ssl=1 576w, https:\/\/i0.wp.com\/carnetdevoyages83.com\/wp-content\/uploads\/2025\/07\/flyer-ENO.png?resize=768%2C1365&amp;ssl=1 768w, https:\/\/i0.wp.com\/carnetdevoyages83.com\/wp-content\/uploads\/2025\/07\/flyer-ENO.png?resize=864%2C1536&amp;ssl=1 864w, https:\/\/i0.wp.com\/carnetdevoyages83.com\/wp-content\/uploads\/2025\/07\/flyer-ENO.png?resize=1152%2C2048&amp;ssl=1 1152w\" sizes=\"(max-width: 800px) 100vw, 800px\" data-attachment-id=\"514\" data-permalink=\"https:\/\/carnetdevoyages83.com\/?attachment_id=514\" data-orig-file=\"https:\/\/i0.wp.com\/carnetdevoyages83.com\/wp-content\/uploads\/2025\/07\/flyer-ENO.png?fit=1486%2C2641&amp;ssl=1\" data-orig-size=\"1486,2641\" data-comments-opened=\"1\" data-image-meta=\"{&quot;aperture&quot;:&quot;0&quot;,&quot;credit&quot;:&quot;&quot;,&quot;camera&quot;:&quot;&quot;,&quot;caption&quot;:&quot;&quot;,&quot;created_timestamp&quot;:&quot;0&quot;,&quot;copyright&quot;:&quot;&quot;,&quot;focal_length&quot;:&quot;0&quot;,&quot;iso&quot;:&quot;0&quot;,&quot;shutter_speed&quot;:&quot;0&quot;,&quot;title&quot;:&quot;&quot;,&quot;orientation&quot;:&quot;0&quot;}\" data-image-title=\"flyer OFYR\" data-image-description=\"\" data-image-caption=\"\" data-medium-file=\"https:\/\/i0.wp.com\/carnetdevoyages83.com\/wp-content\/uploads\/2025\/07\/flyer-ENO.png?fit=169%2C300&amp;ssl=1\" data-large-file=\"https:\/\/i0.wp.com\/carnetdevoyages83.com\/wp-content\/uploads\/2025\/07\/flyer-ENO.png?fit=576%2C1024&amp;ssl=1\" \/>\t\t\t\t\t\t\t\t\t\t\t\t\t\t\t<\/div>\n\t\t\t\t<\/div>\n\t\t<div class=\"elementor-element elementor-element-4e331bf0 e-con-full animated-fast e-flex elementor-invisible e-con e-child\" data-id=\"4e331bf0\" data-element_type=\"container\" data-e-type=\"container\" data-settings=\"{&quot;animation&quot;:&quot;fadeIn&quot;,&quot;animation_delay&quot;:1000}\">\n\t\t\t\t<div class=\"elementor-element elementor-element-13fb7cb5 elementor-widget elementor-widget-text-editor\" data-id=\"13fb7cb5\" data-element_type=\"widget\" data-e-type=\"widget\" data-widget_type=\"text-editor.default\">\n\t\t\t\t\t\t\t\t\t<p><strong data-start=\"100\" data-end=\"180\">Ajoutez une touche de convivialit\u00e9 \u00e0 vos \u00e9v\u00e9nements avec nos braseros OFYR !<\/strong><\/p><p>Id\u00e9als pour vos soir\u00e9es en plein air, mariages, anniversaires ou \u00e9v\u00e9nements d\u2019entreprise, nos braseros OFYR allient design \u00e9l\u00e9gant et cuisson au feu de bois. Cr\u00e9ez une ambiance chaleureuse et originale tout en r\u00e9galant vos invit\u00e9s autour d\u2019un moment unique. Disponibles \u00e0 la location, ils s\u2019adaptent \u00e0 tous vos besoins et garantissent une exp\u00e9rience m\u00e9morable.<\/p><p>Lou\u00e9 avec ou sans accessoires (voir ci dessous), nous vous mettons dans les meilleures conditions possibles pour passer un moment gourmand sans accroc.<\/p>\t\t\t\t\t\t\t\t<\/div>\n\t\t\t\t<div class=\"elementor-element elementor-element-603e7fea elementor-widget elementor-widget-button\" data-id=\"603e7fea\" data-element_type=\"widget\" data-e-type=\"widget\" data-widget_type=\"button.default\">\n\t\t\t\t\t\t\t\t\t\t<a class=\"elementor-button elementor-button-link elementor-size-sm\" href=\"https:\/\/carnetdevoyages83.com\/?page_id=129\" target=\"_blank\">\n\t\t\t\t\t\t<span class=\"elementor-button-content-wrapper\">\n\t\t\t\t\t\t\t\t\t<span class=\"elementor-button-text\">Pour plus de renseignements, nous contacter<\/span>\n\t\t\t\t\t<\/span>\n\t\t\t\t\t<\/a>\n\t\t\t\t\t\t\t\t<\/div>\n\t\t\t\t<\/div>\n\t\t\t\t\t<\/div>\n\t\t\t\t<\/div>\n\t\t\t\t\t<\/div>\n\t\t\t\t<\/div>\n\t\t\t\t<\/div>\n\t\t","protected":false},"excerpt":{"rendered":"<p>Ajoutez une touche de convivialit\u00e9 \u00e0 vos \u00e9v\u00e9nements avec nos braseros OFYR ! Id\u00e9als pour vos soir\u00e9es en plein air, mariages, anniversaires ou \u00e9v\u00e9nements d\u2019entreprise, nos braseros OFYR allient design \u00e9l\u00e9gant et cuisson au feu de bois. Cr\u00e9ez une ambiance chaleureuse et originale tout en r\u00e9galant vos invit\u00e9s autour d\u2019un moment unique. Disponibles \u00e0 la [&hellip;]<\/p>\n","protected":false},"author":255482783,"featured_media":0,"parent":0,"menu_order":0,"comment_status":"closed","ping_status":"closed","template":"elementor_header_footer","meta":{"_crdt_document":"","advanced_seo_description":"","jetpack_seo_html_title":"","jetpack_seo_noindex":false,"jetpack_post_was_ever_published":false,"footnotes":""},"class_list":["post-125","page","type-page","status-publish","hentry"],"jetpack_likes_enabled":true,"jetpack_sharing_enabled":true,"jetpack_shortlink":"https:\/\/wp.me\/PgFLgZ-21","jetpack-related-posts":[],"_links":{"self":[{"href":"https:\/\/carnetdevoyages83.com\/index.php?rest_route=\/wp\/v2\/pages\/125","targetHints":{"allow":["GET"]}}],"collection":[{"href":"https:\/\/carnetdevoyages83.com\/index.php?rest_route=\/wp\/v2\/pages"}],"about":[{"href":"https:\/\/carnetdevoyages83.com\/index.php?rest_route=\/wp\/v2\/types\/page"}],"author":[{"embeddable":true,"href":"https:\/\/carnetdevoyages83.com\/index.php?rest_route=\/wp\/v2\/users\/255482783"}],"replies":[{"embeddable":true,"href":"https:\/\/carnetdevoyages83.com\/index.php?rest_route=%2Fwp%2Fv2%2Fcomments&post=125"}],"version-history":[{"count":14,"href":"https:\/\/carnetdevoyages83.com\/index.php?rest_route=\/wp\/v2\/pages\/125\/revisions"}],"predecessor-version":[{"id":529,"href":"https:\/\/carnetdevoyages83.com\/index.php?rest_route=\/wp\/v2\/pages\/125\/revisions\/529"}],"wp:attachment":[{"href":"https:\/\/carnetdevoyages83.com\/index.php?rest_route=%2Fwp%2Fv2%2Fmedia&parent=125"}],"curies":[{"name":"wp","href":"https:\/\/api.w.org\/{rel}","templated":true}]}}